{"id":18,"date":"2015-10-16T14:42:39","date_gmt":"2015-10-16T12:42:39","guid":{"rendered":"http:\/\/www.tbljudo.bplaced.de\/?page_id=18"},"modified":"2022-06-09T09:20:05","modified_gmt":"2022-06-09T08:20:05","slug":"trainer","status":"publish","type":"page","link":"http:\/\/www.judo-lengede.de\/?page_id=18","title":{"rendered":"Termine"},"content":{"rendered":"<p><em>(Unterstrichene Termine enthalten einen Link zu mehr Informationen)<\/em><\/p>\n<hr \/>\n<p><strong><em>Erkl\u00e4rung der Altersklassen (u10, u12, &#8230;):<\/em><\/strong><br \/>\n<em>Es z\u00e4hlen nur die Geburts<strong>jahr<\/strong>g\u00e4nge!<\/em><br \/>\nBeispiel: <em>In der u12 (unter 12-j\u00e4hrige), d\u00fcrfen im aktuellen Jahr\u00a0nur Kinder k\u00e4mpfen, welche dann maximal\u00a0elf Jahre alt\u00a0werden!<br \/>\nIn Sonderf\u00e4llen, darf ein guter Judoka zus\u00e4tzlich in der n\u00e4chsten,\u00a0\u00e4lteren Altersklasse k\u00e4mpfen.<br \/>\n<\/em><\/p>\n<hr \/>\n<p><iframe loading=\"lazy\" style=\"border: 1px solid #777777;\" src=\"https:\/\/calendar.google.com\/calendar\/embed?showTz=0&amp;height=600&amp;wkst=2&amp;hl=de&amp;bgcolor=%23FFFFFF&amp;src=leikh0p39ul59d36jjnfckovuk%40group.calendar.google.com&amp;color=%230F4B38&amp;ctz=Europe%2FBerlin\" width=\"800\" height=\"600\" frameborder=\"0\" scrolling=\"no\"><\/iframe><\/p>\n<p>Zu den Einzelheiten, sprecht bitte Eure Trainer an und schaut auf die entsprechenden Verbands- und Vereinsseiten u. a. des <a href=\"http:\/\/www.njv.de\">NJV<\/a>!<br \/>\nBei Interesse an den Kinder- und Jugendfreizeiten, kann sich jeder\u00a0direkt beim NJV anmelden. Wir Trainer helfen Euch dabei gerne!<\/p>\n","protected":false},"excerpt":{"rendered":"<p>(Unterstrichene Termine enthalten einen Link zu mehr Informationen) Erkl\u00e4rung der Altersklassen (u10, u12, &#8230;): Es z\u00e4hlen nur die Geburtsjahrg\u00e4nge! Beispiel: In der u12 (unter 12-j\u00e4hrige), d\u00fcrfen im aktuellen Jahr\u00a0nur Kinder k\u00e4mpfen, welche dann maximal\u00a0elf Jahre alt\u00a0werden! In Sonderf\u00e4llen, darf ein guter Judoka zus\u00e4tzlich in der n\u00e4chsten,\u00a0\u00e4lteren Altersklasse k\u00e4mpfen. Zu den Einzelheiten, sprecht bitte Eure Trainer &hellip; <a href=\"http:\/\/www.judo-lengede.de\/?page_id=18\" class=\"more-link\"><span class=\"screen-reader-text\">Termine<\/span> weiterlesen<\/a><\/p>\n","protected":false},"author":2,"featured_media":0,"parent":0,"menu_order":4,"comment_status":"closed","ping_status":"closed","template":"","meta":[],"_links":{"self":[{"href":"http:\/\/www.judo-lengede.de\/index.php?rest_route=\/wp\/v2\/pages\/18"}],"collection":[{"href":"http:\/\/www.judo-lengede.de\/index.php?rest_route=\/wp\/v2\/pages"}],"about":[{"href":"http:\/\/www.judo-lengede.de\/index.php?rest_route=\/wp\/v2\/types\/page"}],"author":[{"embeddable":true,"href":"http:\/\/www.judo-lengede.de\/index.php?rest_route=\/wp\/v2\/users\/2"}],"replies":[{"embeddable":true,"href":"http:\/\/www.judo-lengede.de\/index.php?rest_route=%2Fwp%2Fv2%2Fcomments&post=18"}],"version-history":[{"count":221,"href":"http:\/\/www.judo-lengede.de\/index.php?rest_route=\/wp\/v2\/pages\/18\/revisions"}],"predecessor-version":[{"id":1634,"href":"http:\/\/www.judo-lengede.de\/index.php?rest_route=\/wp\/v2\/pages\/18\/revisions\/1634"}],"wp:attachment":[{"href":"http:\/\/www.judo-lengede.de\/index.php?rest_route=%2Fwp%2Fv2%2Fmedia&parent=18"}],"curies":[{"name":"wp","href":"https:\/\/api.w.org\/{rel}","templated":true}]}}