{"id":47,"date":"2015-10-16T15:57:01","date_gmt":"2015-10-16T13:57:01","guid":{"rendered":"http:\/\/www.tbljudo.bplaced.de\/?page_id=47"},"modified":"2018-05-16T12:30:37","modified_gmt":"2018-05-16T11:30:37","slug":"prufungswesen","status":"publish","type":"page","link":"http:\/\/www.judo-lengede.de\/?page_id=47","title":{"rendered":"Pr\u00fcfungswesen"},"content":{"rendered":"<p><em>Das Pr\u00fcfungsprogramm f\u00fcr\u00a0die Farbg\u00fcrtel (Kyu):<\/em><\/p>\n<p>Pr\u00fcfungsprogramm:\u00a0<a href=\"http:\/\/www.judo-lengede.de\/wp-content\/uploads\/2015\/10\/DJB-Kyu-Programm_2014.pdf\" rel=\"\">DJB-Kyu-Programm_2014<\/a><\/p>\n<p>Pr\u00fcfungsprogramm:\u00a0<a href=\"http:\/\/www.judo-lengede.de\/wp-content\/uploads\/2018\/05\/397-DJB-Kyu-PO_Behinderte.pdf\">DJB-Kyu-Programm f\u00fcr\u00a0Behinderte<\/a><\/p>\n<p><em>Das Pr\u00fcfungsprogramm f\u00fcr\u00a0die schwarzen G\u00fcrtel (Dan):<\/em><\/p>\n<p><a href=\"http:\/\/www.judo-lengede.de\/wp-content\/uploads\/2015\/10\/398-DJB_Dan-Programm_2011.pdf\" rel=\"\">DJB_Dan-Programm_2011<\/a><\/p>\n<p><a href=\"http:\/\/www.judo-lengede.de\/wp-content\/uploads\/2015\/10\/487-Begleitmaterial_DanPO_DJB_Mai2011.pdf\" rel=\"\">Begleitmaterial_DanPO_DJB_Mai2011<\/a><\/p>\n<p>&nbsp;<\/p>\n<p><strong>N\u00fctzliche Videos:<\/strong><\/p>\n<p>Alle Techniken f\u00fcr die Farbgurte:<\/p>\n<p><a href=\"https:\/\/www.youtube.com\/watch?v=AQUAsmyolqY\" target=\"_blank\" rel=\"noopener\">https:\/\/www.youtube.com\/watch?v=AQUAsmyolqY<\/a><\/p>\n<p>YouTube Kanal von Judo Andreas mit Videos zu zahlreichen Judo-Techniken:<\/p>\n<p><a href=\"https:\/\/www.youtube.com\/channel\/UCKa5mYWjsuhNfU-WjGHG4Dw\/videos\" target=\"_blank\" rel=\"noopener\">https:\/\/www.youtube.com\/channel\/UCKa5mYWjsuhNfU-WjGHG4Dw\/videos<\/a><\/p>\n","protected":false},"excerpt":{"rendered":"<p>Das Pr\u00fcfungsprogramm f\u00fcr\u00a0die Farbg\u00fcrtel (Kyu): Pr\u00fcfungsprogramm:\u00a0DJB-Kyu-Programm_2014 Pr\u00fcfungsprogramm:\u00a0DJB-Kyu-Programm f\u00fcr\u00a0Behinderte Das Pr\u00fcfungsprogramm f\u00fcr\u00a0die schwarzen G\u00fcrtel (Dan): DJB_Dan-Programm_2011 Begleitmaterial_DanPO_DJB_Mai2011 &nbsp; N\u00fctzliche Videos: Alle Techniken f\u00fcr die Farbgurte: https:\/\/www.youtube.com\/watch?v=AQUAsmyolqY YouTube Kanal von Judo Andreas mit Videos zu zahlreichen Judo-Techniken: https:\/\/www.youtube.com\/channel\/UCKa5mYWjsuhNfU-WjGHG4Dw\/videos<\/p>\n","protected":false},"author":2,"featured_media":0,"parent":0,"menu_order":3,"comment_status":"closed","ping_status":"closed","template":"","meta":[],"_links":{"self":[{"href":"http:\/\/www.judo-lengede.de\/index.php?rest_route=\/wp\/v2\/pages\/47"}],"collection":[{"href":"http:\/\/www.judo-lengede.de\/index.php?rest_route=\/wp\/v2\/pages"}],"about":[{"href":"http:\/\/www.judo-lengede.de\/index.php?rest_route=\/wp\/v2\/types\/page"}],"author":[{"embeddable":true,"href":"http:\/\/www.judo-lengede.de\/index.php?rest_route=\/wp\/v2\/users\/2"}],"replies":[{"embeddable":true,"href":"http:\/\/www.judo-lengede.de\/index.php?rest_route=%2Fwp%2Fv2%2Fcomments&post=47"}],"version-history":[{"count":12,"href":"http:\/\/www.judo-lengede.de\/index.php?rest_route=\/wp\/v2\/pages\/47\/revisions"}],"predecessor-version":[{"id":1175,"href":"http:\/\/www.judo-lengede.de\/index.php?rest_route=\/wp\/v2\/pages\/47\/revisions\/1175"}],"wp:attachment":[{"href":"http:\/\/www.judo-lengede.de\/index.php?rest_route=%2Fwp%2Fv2%2Fmedia&parent=47"}],"curies":[{"name":"wp","href":"https:\/\/api.w.org\/{rel}","templated":true}]}}